{"id":11498,"date":"2026-04-15T21:32:39","date_gmt":"2026-04-15T19:32:39","guid":{"rendered":"https:\/\/www.parafiakamien.pl\/?page_id=11498"},"modified":"2026-04-15T21:37:02","modified_gmt":"2026-04-15T19:37:02","slug":"przeglad-piesni-maryjnej","status":"publish","type":"page","link":"https:\/\/www.parafiakamien.pl\/?page_id=11498","title":{"rendered":"Przegl\u0105d Pie\u015bni Maryjnej"},"content":{"rendered":"<p align=\"center\"><span style=\"font-size: large;\"><b><span class=\"caps\">PRZEGL\u0104D<\/span> <span class=\"caps\">PIE\u015aNI<\/span> I&nbsp;<span class=\"caps\">PIOSENKI<\/span> <span class=\"caps\">MARYJNEJ<\/span><\/b><\/span><\/p>\n<p align=\"center\"><span class=\"dquo\">\u201e<\/span><span style=\"font-size: large;\"><b><span class=\"caps\">KR\u00d3LOWEJ<\/span> <span class=\"caps\">ANIELSKIEJ<\/span> <span class=\"caps\">\u015aPIEWAJMY<\/span>\u201d<\/b><\/span><\/p>\n<p align=\"center\"><span style=\"font-size: large;\"><b><span class=\"caps\">REGULAMIN<\/span><\/b><\/span><\/p>\n<p><span style=\"font-size: large;\">1. <\/span><span style=\"font-size: large;\"><b>Termin<\/b><\/span><span style=\"font-size: large;\"> przegl\u0105du<\/span><span style=\"font-size: large;\"><b>: 17 maja (niedziela) 2026r<\/b><\/span><span style=\"font-size: large;\">. Godzina <\/span><span style=\"font-size: large;\"><b>15:00<\/b><\/span><\/p>\n<p><span style=\"font-size: large;\">2. <\/span><span style=\"font-size: large;\"><b>Miejsce<\/b><\/span><span style=\"font-size: large;\"> przegl\u0105du: <\/span><span style=\"font-size: large;\"><b>Kolegiata w<\/b><\/span> <span style=\"font-size: large;\"><b>Kamieniu Kraje\u0144skim<\/b><\/span><\/p>\n<p><span style=\"font-size: large;\">3. Ka\u017cdy uczestnik przygotowuje do wyst\u0119pu dwie pie\u015bni lub piosenki o&nbsp;tematyce <\/span><span style=\"font-size: large;\">Maryjnej. W&nbsp;przypadku du\u017cej ilo\u015bci zg\u0142osze\u0144 tylko jedn\u0105 wybran\u0105.<\/span><\/p>\n<p><span style=\"font-size: large;\">4.&nbsp;W&nbsp;przypadku gdy uczestnik \/wykonawca\/ nie jest osob\u0105 pe\u0142noletni\u0105 zgod\u0119 na&nbsp;<\/span><span style=\"font-size: large;\">przetwarzanie danych i&nbsp;wizerunku oraz kart\u0119 zg\u0142oszenia podpisuje opiekun&nbsp;<\/span><span style=\"font-size: large;\">lub rodzic.<\/span><\/p>\n<p><span style=\"font-size: large;\">5. Wykonawcy mog\u0105 \u015bpiewa\u0107: a&nbsp;capella, z&nbsp;podk\u0142adem muzycznym&nbsp;<\/span><span style=\"font-size: large;\">(pendrive) lub z&nbsp;w\u0142asnymi instrumentami.<\/span><\/p>\n<p><span style=\"font-size: large;\">6<\/span><span style=\"font-size: large;\"><b>. Kart\u0119 zg\u0142oszenia<\/b><\/span><span style=\"font-size: large;\"> nale\u017cy przes\u0142a\u0107 do dnia <\/span><span style=\"font-size: large;\"><b>12 maja<\/b><\/span><span style=\"font-size: large;\"> 2026 <\/span><span style=\"font-size: large;\">na adres emailowy koordynatora: <\/span><span style=\"color: #0563c1;\"><u><a href=\"mailto:michallesz@wp.pl\" target=\"_top\"><span style=\"font-size: large;\">michallesz@wp.pl<\/span><\/a><\/u><\/span><\/p>\n<p><span style=\"font-size: large;\">Kontakt tel. 692&nbsp;342 707<\/span><\/p>\n<p><span style=\"font-size: large;\">7. Organizator zapewnia nag\u0142o\u015bnienie, aparatur\u0119 do odtwarzania podk\u0142adu <\/span><span style=\"font-size: large;\">muzycznego. W&nbsp;przypadku instrumentu muzycznego do pod\u0142\u0105czenia instrumentu <\/span><span style=\"font-size: large;\">w&nbsp;lini\u0119 dopuszcza si\u0119 przewody\/kable\/ z&nbsp;ko\u0144c\u00f3wkami jack lub&nbsp;xlr.<\/span><\/p>\n<p><span style=\"font-size: large;\">8.&nbsp;W&nbsp;przypadku zg\u0142oszenia duet\u00f3w, zespo\u0142\u00f3w, scholi lub ch\u00f3ru w&nbsp;zg\u0142oszeniu nale\u017cy&nbsp;<\/span><span style=\"font-size: large;\">poda\u0107 ilo\u015b\u0107 uczestnik\u00f3w\/wykonawc\u00f3w\/.<\/span><\/p>\n<p><span style=\"font-size: large;\">9. Ka\u017cdy uczestnik \/uczestnicy\/ otrzymaj\u0105 okoliczno\u015bciowe dyplomy za udzia\u0142.<\/span><\/p>\n<p><span style=\"font-size: large;\">10. Uczestnicy przyje\u017cd\u017caj\u0105 na koszt w\u0142asny.<\/span><\/p>\n<p><span style=\"font-size: large;\">11.<\/span><b> <\/b><span style=\"font-size: large;\">Przegl\u0105d nie ma formy konkursu<\/span><span style=\"font-size: large;\">.<\/span><\/p>\n<p><span style=\"font-size: large;\">12 . Po zako\u0144czeniu przegl\u0105du organizator zaprasza uczestnik\u00f3w na kaw\u0119 i&nbsp;ciasto.<\/span><\/p>\n<p><span style=\"font-size: large;\"><span class=\"caps\">ORGANIZATOR<\/span><\/span><\/p>\n<p><span style=\"font-size: large;\">Parafia pw. \u015aw. Aposto\u0142\u00f3w Piotra i&nbsp;Paw\u0142a<\/span><\/p>\n<p><span style=\"font-size: large;\">89\u2013430 Kamie\u0144 Kraje\u0144ski ul. A. Mickiewicza 19&nbsp;<\/span><\/p>\n<p><a href=\"https:\/\/www.parafiakamien.pl\/wp-content\/uploads\/2026\/04\/Karta-zgloszenia-Przeglad-piesni-i-piosenki-Maryjnej-.docx\"><span style=\"font-size: 16pt;\"><strong>Karta zg\u0142oszenia<\/strong><\/span><\/a><\/p>\n","protected":false},"excerpt":{"rendered":"<p><span class=\"caps\">PRZEGL\u0104D<\/span> <span class=\"caps\">PIE\u015aNI<\/span> I&nbsp;<span class=\"caps\">PIOSENKI<\/span> <span class=\"caps\">MARYJNEJ<\/span> \u201e<span class=\"caps\">KR\u00d3LOWEJ<\/span> <span class=\"caps\">ANIELSKIEJ<\/span> <span class=\"caps\">\u015aPIEWAJMY<\/span>\u201d <span class=\"caps\">REGULAMIN<\/span> 1. Termin przegl\u0105du: 17 maja (niedziela) 2026r. Godzina 15:00 2. Miejsce przegl\u0105du: Kolegiata w&nbsp;Kamieniu Kraje\u0144skim 3. Ka\u017cdy uczestnik przygotowuje do wyst\u0119pu dwie pie\u015bni lub piosenki\u2026<\/p>\n","protected":false},"author":1,"featured_media":0,"parent":0,"menu_order":0,"comment_status":"closed","ping_status":"closed","template":"","meta":{"wp_typography_post_enhancements_disabled":false,"footnotes":""},"class_list":["post-11498","page","type-page","status-publish","hentry"],"aioseo_notices":[],"_links":{"self":[{"href":"https:\/\/www.parafiakamien.pl\/index.php?rest_route=\/wp\/v2\/pages\/11498","targetHints":{"allow":["GET"]}}],"collection":[{"href":"https:\/\/www.parafiakamien.pl\/index.php?rest_route=\/wp\/v2\/pages"}],"about":[{"href":"https:\/\/www.parafiakamien.pl\/index.php?rest_route=\/wp\/v2\/types\/page"}],"author":[{"embeddable":true,"href":"https:\/\/www.parafiakamien.pl\/index.php?rest_route=\/wp\/v2\/users\/1"}],"replies":[{"embeddable":true,"href":"https:\/\/www.parafiakamien.pl\/index.php?rest_route=%2Fwp%2Fv2%2Fcomments&post=11498"}],"version-history":[{"count":4,"href":"https:\/\/www.parafiakamien.pl\/index.php?rest_route=\/wp\/v2\/pages\/11498\/revisions"}],"predecessor-version":[{"id":11503,"href":"https:\/\/www.parafiakamien.pl\/index.php?rest_route=\/wp\/v2\/pages\/11498\/revisions\/11503"}],"wp:attachment":[{"href":"https:\/\/www.parafiakamien.pl\/index.php?rest_route=%2Fwp%2Fv2%2Fmedia&parent=11498"}],"curies":[{"name":"wp","href":"https:\/\/api.w.org\/{rel}","templated":true}]}}