{"id":2,"date":"2016-03-11T23:42:08","date_gmt":"2016-03-11T22:42:08","guid":{"rendered":"http:\/\/parafiakamien.pl\/?page_id=2"},"modified":"2025-07-07T19:20:48","modified_gmt":"2025-07-07T17:20:48","slug":"przykladowa-strona","status":"publish","type":"page","link":"https:\/\/www.parafiakamien.pl\/","title":{"rendered":"O Nas"},"content":{"rendered":"<div><\/div>\n<div class=\"n2-code\" style=\"text-align: center;\"><\/div>\n<p style=\"text-align: justify;\"><strong>Serdecznie witamy na stronie internetowej parafii w&nbsp;Kamieniu Kraje\u0144skim. Znajduj\u0105 si\u0119 tutaj informacje o&nbsp;naszej wsp\u00f3lnocie zwi\u0105zane zar\u00f3wno z&nbsp;jej histori\u0105 jak i&nbsp;z aktualnymi wydarzeniami. Niech stanowi\u0105 one pomoc dla wszystkich zainteresowanych \u017cyciem religijnym naszej parafii, oraz b\u0119d\u0105 przydatnym \u017ar\u00f3d\u0142em informacji dla naszych parafian i&nbsp;go\u015bci. Niech wsp\u00f3\u0142czesne \u015brodki komunikacji przyczyniaj\u0105 si\u0119 tak\u017ce do wzrostu naszej wiary i&nbsp;b\u0119d\u0105 motywacj\u0105 do aktywno\u015bci na rzecz naszej rodziny parafialnej.<\/strong><\/p>\n<div><\/div>\n<p>&nbsp;<\/p>\n","protected":false},"excerpt":{"rendered":"<p>Serdecznie witamy na stronie internetowej parafii w&nbsp;Kamieniu Kraje\u0144skim. Znajduj\u0105 si\u0119 tutaj informacje o&nbsp;naszej wsp\u00f3lnocie zwi\u0105zane zar\u00f3wno z&nbsp;jej histori\u0105 jak i&nbsp;z&nbsp;aktualnymi wydarzeniami. Niech stanowi\u0105 one pomoc dla wszystkich zainteresowanych \u017cyciem religijnym naszej parafii, oraz\u2026<\/p>\n","protected":false},"author":3,"featured_media":0,"parent":0,"menu_order":0,"comment_status":"closed","ping_status":"closed","template":"","meta":{"wp_typography_post_enhancements_disabled":false,"footnotes":""},"class_list":["post-2","page","type-page","status-publish","hentry"],"aioseo_notices":[],"_links":{"self":[{"href":"https:\/\/www.parafiakamien.pl\/index.php?rest_route=\/wp\/v2\/pages\/2","targetHints":{"allow":["GET"]}}],"collection":[{"href":"https:\/\/www.parafiakamien.pl\/index.php?rest_route=\/wp\/v2\/pages"}],"about":[{"href":"https:\/\/www.parafiakamien.pl\/index.php?rest_route=\/wp\/v2\/types\/page"}],"author":[{"embeddable":true,"href":"https:\/\/www.parafiakamien.pl\/index.php?rest_route=\/wp\/v2\/users\/3"}],"replies":[{"embeddable":true,"href":"https:\/\/www.parafiakamien.pl\/index.php?rest_route=%2Fwp%2Fv2%2Fcomments&post=2"}],"version-history":[{"count":17,"href":"https:\/\/www.parafiakamien.pl\/index.php?rest_route=\/wp\/v2\/pages\/2\/revisions"}],"predecessor-version":[{"id":10578,"href":"https:\/\/www.parafiakamien.pl\/index.php?rest_route=\/wp\/v2\/pages\/2\/revisions\/10578"}],"wp:attachment":[{"href":"https:\/\/www.parafiakamien.pl\/index.php?rest_route=%2Fwp%2Fv2%2Fmedia&parent=2"}],"curies":[{"name":"wp","href":"https:\/\/api.w.org\/{rel}","templated":true}]}}